{"id":2278,"date":"2021-02-18T13:34:15","date_gmt":"2021-02-18T13:34:15","guid":{"rendered":"http:\/\/vrtici-maza.hr\/?page_id=2278"},"modified":"2025-05-06T10:30:11","modified_gmt":"2025-05-06T10:30:11","slug":"upisi","status":"publish","type":"page","link":"https:\/\/vrtici-maza.hr\/en\/upisi\/","title":{"rendered":"Enrollments"},"content":{"rendered":"<div class=\"wpb-content-wrapper\"><p>[vc_row gap=&#8221;30&#8243;][vc_column width=&#8221;1\/2&#8243; offset=&#8221;vc_hidden-xs&#8221;]<style type=\"text\/css\" data-type=\"the7_shortcodes-inline-css\">.shortcode-single-image-wrap.shortcode-single-image-5c2cd524b882ea4897ca24923db72bd4.enable-bg-rollover .rollover i,\n.shortcode-single-image-wrap.shortcode-single-image-5c2cd524b882ea4897ca24923db72bd4.enable-bg-rollover .rollover-video i {\n  background: -webkit-linear-gradient();\n  background: linear-gradient();\n}\n.shortcode-single-image-wrap.shortcode-single-image-5c2cd524b882ea4897ca24923db72bd4 .rollover-icon {\n  font-size: 32px;\n  color: #ffffff;\n  min-width: 44px;\n  min-height: 44px;\n  line-height: 44px;\n  border-radius: 100px;\n  border-style: solid;\n  border-width: 0px;\n}\n.dt-icon-bg-on.shortcode-single-image-wrap.shortcode-single-image-5c2cd524b882ea4897ca24923db72bd4 .rollover-icon {\n  background: rgba(255,255,255,0.3);\n  box-shadow: none;\n}\n<\/style><div class=\"shortcode-single-image-wrap shortcode-single-image-5c2cd524b882ea4897ca24923db72bd4 alignnone  enable-bg-rollover dt-icon-bg-off\" style=\"margin-top:0px; margin-bottom:0px; margin-left:0px; margin-right:0px;\"><div class=\"shortcode-single-image\"><div class=\"fancy-media-wrap  layzr-bg\" style=\"border-radius:25px;\"><img fetchpriority=\"high\" decoding=\"async\" class=\"preload-me lazy-load aspect\" src=\"data:image\/svg+xml,%3Csvg%20xmlns%3D&#39;http%3A%2F%2Fwww.w3.org%2F2000%2Fsvg&#39;%20viewBox%3D&#39;0%200%20700%20921&#39;%2F%3E\" data-src=\"https:\/\/vrtici-maza.hr\/wp-content\/uploads\/2021\/02\/upisi-u-djecji-vrtic.jpg\" data-srcset=\"https:\/\/vrtici-maza.hr\/wp-content\/uploads\/2021\/02\/upisi-u-djecji-vrtic.jpg 700w\" loading=\"eager\" sizes=\"(max-width: 700px) 100vw, 700px\" width=\"700\" height=\"921\"  data-dt-location=\"https:\/\/vrtici-maza.hr\/en\/upisi\/upisi-u-djecji-vrtic\/\" style=\"--ratio: 700 \/ 921;border-radius:25px;\" alt=\"upisi-u-djecji-vrtic-viskovo\" \/><\/div><\/div><\/div>[\/vc_column][vc_column width=&#8221;1\/2&#8243; css=&#8221;.vc_custom_1619437874580{margin-bottom: 0px !important;border-bottom-width: 0px !important;padding-bottom: 0px !important;}&#8221;]<div class=\"ult-spacer spacer-69ef6333df424\" data-id=\"69ef6333df424\" data-height=\"0\" data-height-mobile=\"30\" data-height-tab=\"0\" data-height-tab-portrait=\"20\" data-height-mobile-landscape=\"30\" style=\"clear:both;display:block;\"><\/div><div class=\"aio-icon-component  vc_custom_1623935796035   style_2\"><div id=\"Info-box-wrap-6750\" class=\"aio-icon-box left-icon\" style=\"\"  ><div class=\"aio-icon-left\"><div class=\"ult-just-icon-wrapper  \"><div class=\"align-icon\" style=\"text-align:center;\">\n<div class=\"aio-icon none \"  style=\"color:#ff6666;font-size:17px;display:inline-block;\">\n\t<i class=\"icomoon-the7-font-the7-heart-filled\"><\/i>\n<\/div><\/div><\/div><\/div><div class=\"aio-ibd-block\"><div class=\"aio-icon-header\" ><h6 class=\"aio-icon-title ult-responsive\"  data-ultimate-target='#Info-box-wrap-6750 .aio-icon-title'  data-responsive-json-new='{\"font-size\":\"\",\"line-height\":\"\"}'  style=\"color:#7e7e7e;\">Kindergarten Maza<\/h6><\/div> <!-- header --><\/div> <!-- aio-ibd-block --><\/div> <!-- aio-icon-box --><\/div> <!-- aio-icon-component --><div id=\"ultimate-heading-843369ef6333df565\" class=\"uvc-heading ult-adjust-bottom-margin ultimate-heading-843369ef6333df565 uvc-7824 \" data-hspacer=\"no_spacer\"  data-halign=\"left\" style=\"text-align:left\"><div class=\"uvc-heading-spacer no_spacer\" style=\"top\"><\/div><div class=\"uvc-main-heading ult-responsive\"  data-ultimate-target='.uvc-heading.ultimate-heading-843369ef6333df565 h2'  data-responsive-json-new='{\"font-size\":\"desktop:42px;\",\"line-height\":\"desktop:60px;\"}' ><h2 style=\"--font-weight:theme;margin-top:0px;margin-bottom:32px;\">Children enrollment<\/h2><\/div><div class=\"uvc-sub-heading ult-responsive\"  data-ultimate-target='.uvc-heading.ultimate-heading-843369ef6333df565 .uvc-sub-heading '  data-responsive-json-new='{\"font-size\":\"\",\"line-height\":\"desktop:26px;\"}'  style=\"font-weight:normal;margin-top:0px;margin-bottom:42px;\">Children&#8217;s enrollment into kindergaren programmes is possible throughout the whole year (subject to free capacities).<\/div><\/div><div class=\"aio-icon-component    style_1\"><div id=\"Info-box-wrap-7426\" class=\"aio-icon-box left-icon\" style=\"\"  ><div class=\"aio-icon-left\"><div class=\"ult-just-icon-wrapper  \"><div class=\"align-icon\" style=\"text-align:center;\">\n<div class=\"aio-icon none \"  style=\"color:#ffffff;font-size:43px;display:inline-block;\">\n\t<i class=\"Icomoon-numbers-number10\"><\/i>\n<\/div><\/div><\/div><\/div><div class=\"aio-ibd-block\"><div class=\"aio-icon-header\" ><h3 class=\"aio-icon-title ult-responsive\"  data-ultimate-target='#Info-box-wrap-7426 .aio-icon-title'  data-responsive-json-new='{\"font-size\":\"desktop:24px;\",\"line-height\":\"desktop:34px;\"}'  style=\"\">How to enroll your child?<\/h3><\/div> <!-- header --><\/div> <!-- aio-ibd-block --><\/div> <!-- aio-icon-box --><\/div> <!-- aio-icon-component --><div class=\"aio-icon-component    style_1\"><div id=\"Info-box-wrap-7620\" class=\"aio-icon-box left-icon\" style=\"\"  ><div class=\"aio-icon-left\"><div class=\"ult-just-icon-wrapper  \"><div class=\"align-icon\" style=\"text-align:center;\">\n<div class=\"aio-icon none \"  style=\"color:#ff6666;font-size:43px;display:inline-block;\">\n\t<i class=\"Icomoon-numbers-number19\"><\/i>\n<\/div><\/div><\/div><\/div><div class=\"aio-ibd-block\"><div class=\"aio-icon-header\" ><h3 class=\"aio-icon-title ult-responsive\"  data-ultimate-target='#Info-box-wrap-7620 .aio-icon-title'  data-responsive-json-new='{\"font-size\":\"\",\"line-height\":\"\"}'  style=\"\">Download your form<\/h3><\/div> <!-- header --><div class=\"aio-icon-description ult-responsive\"  data-ultimate-target='#Info-box-wrap-7620 .aio-icon-description'  data-responsive-json-new='{\"font-size\":\"\",\"line-height\":\"\"}'  style=\"\">Download <a href=\"https:\/\/vrtici-maza.hr\/wp-content\/uploads\/2025\/05\/PRIJAVNI-LIST-ZA-UPIS-DJETETA-novi.pdf\" target=\"_blank\" rel=\"noopener noreferrer\">The registration form for the child&#8217;s enrollment<\/a>.<\/div> <!-- description --><\/div> <!-- aio-ibd-block --><\/div> <!-- aio-icon-box --><\/div> <!-- aio-icon-component --><div class=\"aio-icon-component    style_1\"><div id=\"Info-box-wrap-7423\" class=\"aio-icon-box left-icon\" style=\"\"  ><div class=\"aio-icon-left\"><div class=\"ult-just-icon-wrapper  \"><div class=\"align-icon\" style=\"text-align:center;\">\n<div class=\"aio-icon none \"  style=\"color:#ff6666;font-size:43px;display:inline-block;\">\n\t<i class=\"Icomoon-numbers-number18\"><\/i>\n<\/div><\/div><\/div><\/div><div class=\"aio-ibd-block\"><div class=\"aio-icon-header\" ><h3 class=\"aio-icon-title ult-responsive\"  data-ultimate-target='#Info-box-wrap-7423 .aio-icon-title'  data-responsive-json-new='{\"font-size\":\"\",\"line-height\":\"\"}'  style=\"\">Fill in the form<\/h3><\/div> <!-- header --><div class=\"aio-icon-description ult-responsive\"  data-ultimate-target='#Info-box-wrap-7423 .aio-icon-description'  data-responsive-json-new='{\"font-size\":\"\",\"line-height\":\"\"}'  style=\"\">Fill in the form with all the important information about your child.<\/div> <!-- description --><\/div> <!-- aio-ibd-block --><\/div> <!-- aio-icon-box --><\/div> <!-- aio-icon-component --><div class=\"aio-icon-component    style_1\"><div id=\"Info-box-wrap-6686\" class=\"aio-icon-box left-icon\" style=\"\"  ><div class=\"aio-icon-left\"><div class=\"ult-just-icon-wrapper  \"><div class=\"align-icon\" style=\"text-align:center;\">\n<div class=\"aio-icon none \"  style=\"color:#ff6666;font-size:43px;display:inline-block;\">\n\t<i class=\"Icomoon-numbers-number17\"><\/i>\n<\/div><\/div><\/div><\/div><div class=\"aio-ibd-block\"><div class=\"aio-icon-header\" ><h3 class=\"aio-icon-title ult-responsive\"  data-ultimate-target='#Info-box-wrap-6686 .aio-icon-title'  data-responsive-json-new='{\"font-size\":\"\",\"line-height\":\"\"}'  style=\"\">Gather documentation<\/h3><\/div> <!-- header --><div class=\"aio-icon-description ult-responsive\"  data-ultimate-target='#Info-box-wrap-6686 .aio-icon-description'  data-responsive-json-new='{\"font-size\":\"\",\"line-height\":\"\"}'  style=\"\"><\/p>\n<ul>\n<li>Registry of birth certificate<\/li>\n<li>ID copy or certificate of residence (not older than 30 days)<\/li>\n<li>Parents&#8217; or guardians&#8217; certificate of employment<\/li>\n<li>Doctor&#8217;s certificate<\/li>\n<li>Vaccination certificate<\/li>\n<li>Dentist&#8217;s certificate on a dental check up<\/li>\n<\/ul>\n<p><\/div> <!-- description --><\/div> <!-- aio-ibd-block --><\/div> <!-- aio-icon-box --><\/div> <!-- aio-icon-component --><div class=\"aio-icon-component    style_1\"><div id=\"Info-box-wrap-5376\" class=\"aio-icon-box left-icon\" style=\"\"  ><div class=\"aio-icon-left\"><div class=\"ult-just-icon-wrapper  \"><div class=\"align-icon\" style=\"text-align:center;\">\n<div class=\"aio-icon none \"  style=\"color:#ff6666;font-size:43px;display:inline-block;\">\n\t<i class=\"Icomoon-numbers-number16\"><\/i>\n<\/div><\/div><\/div><\/div><div class=\"aio-ibd-block\"><div class=\"aio-icon-header\" ><h3 class=\"aio-icon-title ult-responsive\"  data-ultimate-target='#Info-box-wrap-5376 .aio-icon-title'  data-responsive-json-new='{\"font-size\":\"\",\"line-height\":\"\"}'  style=\"\">Send us an E-mail<\/h3><\/div> <!-- header --><div class=\"aio-icon-description ult-responsive\"  data-ultimate-target='#Info-box-wrap-5376 .aio-icon-description'  data-responsive-json-new='{\"font-size\":\"\",\"line-height\":\"\"}'  style=\"\">Send the filled in registration form and all documentation required via e-mail on <a href=\"mailto:maza.vrtic@gmail.com\">maza.vrtic@gmail.com<\/a><\/div> <!-- description --><\/div> <!-- aio-ibd-block --><\/div> <!-- aio-icon-box --><\/div> <!-- aio-icon-component -->[\/vc_column][\/vc_row][vc_row gap=&#8221;30&#8243; css=&#8221;.vc_custom_1619443890212{padding-bottom: 40px !important;}&#8221;][vc_column width=&#8221;1\/2&#8243; offset=&#8221;vc_hidden-lg vc_hidden-md vc_hidden-sm&#8221; css=&#8221;.vc_custom_1619437861214{margin-top: 0px !important;border-top-width: 0px !important;padding-top: 0px !important;}&#8221;]<style type=\"text\/css\" data-type=\"the7_shortcodes-inline-css\">.shortcode-single-image-wrap.shortcode-single-image-5c2cd524b882ea4897ca24923db72bd4.enable-bg-rollover .rollover i,\n.shortcode-single-image-wrap.shortcode-single-image-5c2cd524b882ea4897ca24923db72bd4.enable-bg-rollover .rollover-video i {\n  background: -webkit-linear-gradient();\n  background: linear-gradient();\n}\n.shortcode-single-image-wrap.shortcode-single-image-5c2cd524b882ea4897ca24923db72bd4 .rollover-icon {\n  font-size: 32px;\n  color: #ffffff;\n  min-width: 44px;\n  min-height: 44px;\n  line-height: 44px;\n  border-radius: 100px;\n  border-style: solid;\n  border-width: 0px;\n}\n.dt-icon-bg-on.shortcode-single-image-wrap.shortcode-single-image-5c2cd524b882ea4897ca24923db72bd4 .rollover-icon {\n  background: rgba(255,255,255,0.3);\n  box-shadow: none;\n}\n<\/style><div class=\"shortcode-single-image-wrap shortcode-single-image-5c2cd524b882ea4897ca24923db72bd4 alignnone  enable-bg-rollover dt-icon-bg-off\" style=\"margin-top:0px; margin-bottom:0px; margin-left:0px; margin-right:0px;\"><div class=\"shortcode-single-image\"><div class=\"fancy-media-wrap  layzr-bg\" style=\"border-radius:25px;\"><img fetchpriority=\"high\" decoding=\"async\" class=\"preload-me lazy-load aspect\" src=\"data:image\/svg+xml,%3Csvg%20xmlns%3D&#39;http%3A%2F%2Fwww.w3.org%2F2000%2Fsvg&#39;%20viewBox%3D&#39;0%200%20700%20921&#39;%2F%3E\" data-src=\"https:\/\/vrtici-maza.hr\/wp-content\/uploads\/2021\/02\/upisi-u-djecji-vrtic.jpg\" data-srcset=\"https:\/\/vrtici-maza.hr\/wp-content\/uploads\/2021\/02\/upisi-u-djecji-vrtic.jpg 700w\" loading=\"eager\" sizes=\"(max-width: 700px) 100vw, 700px\" width=\"700\" height=\"921\"  data-dt-location=\"https:\/\/vrtici-maza.hr\/en\/upisi\/upisi-u-djecji-vrtic\/\" style=\"--ratio: 700 \/ 921;border-radius:25px;\" alt=\"upisi-u-djecji-vrtic-viskovo\" \/><\/div><\/div><\/div>[\/vc_column][\/vc_row][vc_row equal_height=&#8221;yes&#8221; bg_type=&#8221;bg_color&#8221; bg_override=&#8221;full&#8221; seperator_enable=&#8221;seperator_enable_value&#8221; seperator_type=&#8221;triangle_svg_seperator&#8221; seperator_svg_height=&#8221;40&#8243; seperator_shape_background=&#8221;#ffffff&#8221; css=&#8221;.vc_custom_1619098952051{padding-top: 60px !important;padding-bottom: 100px !important;}&#8221; bg_color_value=&#8221;#f5f6f6&#8243;][vc_column width=&#8221;1\/4&#8243;][\/vc_column][vc_column width=&#8221;1\/2&#8243; el_class=&#8221;shadow&#8221;]<div class=\"ult-just-icon-wrapper accent-icon-color \"><div class=\"align-icon\" style=\"text-align:center;\">\n<div class=\"aio-icon none \"  style=\"color:#ffffff;font-size:43px;display:inline-block;\">\n\t<i class=\"fas fa-pen\"><\/i>\n<\/div><\/div><\/div><div id=\"ultimate-heading-788369ef6333e08bf\" class=\"uvc-heading ult-adjust-bottom-margin ultimate-heading-788369ef6333e08bf uvc-613 accent-border-color uvc-heading-default-font-sizes\" data-hspacer=\"line_only\"  data-halign=\"center\" style=\"text-align:center\"><div class=\"uvc-main-heading ult-responsive\"  data-ultimate-target='.uvc-heading.ultimate-heading-788369ef6333e08bf h2'  data-responsive-json-new='{\"font-size\":\"\",\"line-height\":\"\"}' ><h2 style=\"font-weight:bold;margin-top:40px;margin-bottom:10px;\">Any additional questions?<\/h2><\/div><div class=\"uvc-heading-spacer line_only\" style=\"margin-bottom:40px;height:5px;\"><span class=\"uvc-headings-line\" style=\"border-style:solid;border-bottom-width:5px;border-color:;width:200px;\"><\/span><\/div><div class=\"uvc-sub-heading ult-responsive\"  data-ultimate-target='.uvc-heading.ultimate-heading-788369ef6333e08bf .uvc-sub-heading '  data-responsive-json-new='{\"font-size\":\"\",\"line-height\":\"\"}'  style=\"font-weight:normal;margin-bottom:40px;\">Contact us!<\/div><\/div>[vc_column_text]\n<div class=\"wpcf7 no-js\" id=\"wpcf7-f2511-o2\" lang=\"en-US\" dir=\"ltr\" data-wpcf7-id=\"2511\">\n<div class=\"screen-reader-response\"><p role=\"status\" aria-live=\"polite\" aria-atomic=\"true\"><\/p> <ul><\/ul><\/div>\n<form action=\"\/en\/wp-json\/wp\/v2\/pages\/2278#wpcf7-f2511-o2\" method=\"post\" class=\"wpcf7-form init\" aria-label=\"Contact form\" novalidate=\"novalidate\" data-status=\"init\">\n<fieldset class=\"hidden-fields-container\"><input type=\"hidden\" name=\"_wpcf7\" value=\"2511\" \/><input type=\"hidden\" name=\"_wpcf7_version\" value=\"6.1\" \/><input type=\"hidden\" name=\"_wpcf7_locale\" value=\"en_US\" \/><input type=\"hidden\" name=\"_wpcf7_unit_tag\" value=\"wpcf7-f2511-o2\" \/><input type=\"hidden\" name=\"_wpcf7_container_post\" value=\"0\" \/><input type=\"hidden\" name=\"_wpcf7_posted_data_hash\" value=\"\" \/>\n<\/fieldset>\n<p><span class=\"wpcf7-form-control-wrap\" data-name=\"your-name\"><input size=\"40\" maxlength=\"400\" class=\"wpcf7-form-control wpcf7-text\" aria-invalid=\"false\" placeholder=\"Name and surname\" value=\"\" type=\"text\" name=\"your-name\" \/><\/span>\n<\/p>\n<p><span class=\"wpcf7-form-control-wrap\" data-name=\"your-email\"><input size=\"40\" maxlength=\"400\" class=\"wpcf7-form-control wpcf7-email wpcf7-text wpcf7-validates-as-email\" aria-invalid=\"false\" placeholder=\"Email\" value=\"\" type=\"email\" name=\"your-email\" \/><\/span>\n<\/p>\n<p><span class=\"wpcf7-form-control-wrap\" data-name=\"tel-741\"><input size=\"40\" maxlength=\"400\" class=\"wpcf7-form-control wpcf7-tel wpcf7-text wpcf7-validates-as-tel\" aria-invalid=\"false\" placeholder=\"Telephone\" value=\"\" type=\"tel\" name=\"tel-741\" \/><\/span>\n<\/p>\n<p><span class=\"wpcf7-form-control-wrap\" data-name=\"your-message\"><textarea cols=\"40\" rows=\"6\" maxlength=\"2000\" class=\"wpcf7-form-control wpcf7-textarea\" aria-invalid=\"false\" placeholder=\"Message\" name=\"your-message\"><\/textarea><\/span>\n<\/p>\n<p><input class=\"wpcf7-form-control wpcf7-submit has-spinner\" type=\"submit\" value=\"Send\" \/>\n<\/p><p style=\"display: none !important;\" class=\"akismet-fields-container\" data-prefix=\"_wpcf7_ak_\"><label>&#916;<textarea name=\"_wpcf7_ak_hp_textarea\" cols=\"45\" rows=\"8\" maxlength=\"100\"><\/textarea><\/label><input type=\"hidden\" id=\"ak_js_2\" name=\"_wpcf7_ak_js\" value=\"146\"\/><script>document.getElementById( \"ak_js_2\" ).setAttribute( \"value\", ( new Date() ).getTime() );<\/script><\/p><div class=\"wpcf7-response-output\" aria-hidden=\"true\"><\/div>\n<\/form>\n<\/div>\n[\/vc_column_text][\/vc_column][vc_column width=&#8221;1\/4&#8243;][\/vc_column][\/vc_row]<\/p>\n<\/div>","protected":false},"excerpt":{"rendered":"<p>[vc_row gap=&#8221;30&#8243;][vc_column width=&#8221;1\/2&#8243; offset=&#8221;vc_hidden-xs&#8221;][\/vc_column][vc_column width=&#8221;1\/2&#8243; css=&#8221;.vc_custom_1619437874580{margin-bottom: 0px !important;border-bottom-width: 0px !important;padding-bottom: 0px !important;}&#8221;][\/vc_column][\/vc_row][vc_row gap=&#8221;30&#8243; css=&#8221;.vc_custom_1619443890212{padding-bottom: 40px !important;}&#8221;][vc_column width=&#8221;1\/2&#8243; offset=&#8221;vc_hidden-lg vc_hidden-md vc_hidden-sm&#8221; css=&#8221;.vc_custom_1619437861214{margin-top: 0px !important;border-top-width: 0px !important;padding-top: 0px !important;}&#8221;][\/vc_column][\/vc_row][vc_row equal_height=&#8221;yes&#8221; bg_type=&#8221;bg_color&#8221; bg_override=&#8221;full&#8221; seperator_enable=&#8221;seperator_enable_value&#8221; seperator_type=&#8221;triangle_svg_seperator&#8221; seperator_svg_height=&#8221;40&#8243; seperator_shape_background=&#8221;#ffffff&#8221; css=&#8221;.vc_custom_1619098952051{padding-top: 60px !important;padding-bottom: 100px !important;}&#8221; bg_color_value=&#8221;#f5f6f6&#8243;][vc_column width=&#8221;1\/4&#8243;][\/vc_column][vc_column width=&#8221;1\/2&#8243; el_class=&#8221;shadow&#8221;][vc_column_text][\/vc_column_text][\/vc_column][vc_column width=&#8221;1\/4&#8243;][\/vc_column][\/vc_row]<\/p>\n","protected":false},"author":1,"featured_media":0,"parent":0,"menu_order":20,"comment_status":"closed","ping_status":"closed","template":"","meta":{"footnotes":""},"class_list":["post-2278","page","type-page","status-publish","hentry","description-off"],"yoast_head":"<!-- This site is optimized with the Yoast SEO plugin v25.6 - https:\/\/yoast.com\/wordpress\/plugins\/seo\/ -->\n<title>Enrollments - Dje\u010dji vrti\u0107 Maza<\/title>\n<meta name=\"description\" content=\"Upis djece u programe Dje\u010djeg vrti\u0107a mogu\u0107e je provoditi tijekom cijele godine, ako za to postoje slobodni kapaciteti. Upi\u0161ite svoje dijete!\" \/>\n<meta name=\"robots\" content=\"index, follow, max-snippet:-1, max-image-preview:large, max-video-preview:-1\" \/>\n<link rel=\"canonical\" href=\"https:\/\/vrtici-maza.hr\/upisi\/\" \/>\n<meta property=\"og:locale\" content=\"en_US\" \/>\n<meta property=\"og:type\" content=\"article\" \/>\n<meta property=\"og:title\" content=\"[:hr]Upisi[:en]Enrollments[:] - Dje\u010dji vrti\u0107 Maza\" \/>\n<meta property=\"og:description\" content=\"Upis djece u programe Dje\u010djeg vrti\u0107a mogu\u0107e je provoditi tijekom cijele godine, ako za to postoje slobodni kapaciteti. Upi\u0161ite svoje dijete!\" \/>\n<meta property=\"og:url\" content=\"https:\/\/vrtici-maza.hr\/upisi\/\" \/>\n<meta property=\"og:site_name\" content=\"Dje\u010dji vrti\u0107 Maza\" \/>\n<meta property=\"article:modified_time\" content=\"2025-05-06T10:30:11+00:00\" \/>\n<meta name=\"twitter:card\" content=\"summary_large_image\" \/>\n<meta name=\"twitter:label1\" content=\"Est. reading time\" \/>\n\t<meta name=\"twitter:data1\" content=\"3 minutes\" \/>\n<script type=\"application\/ld+json\" class=\"yoast-schema-graph\">{\"@context\":\"https:\/\/schema.org\",\"@graph\":[{\"@type\":\"WebPage\",\"@id\":\"https:\/\/vrtici-maza.hr\/upisi\/\",\"url\":\"https:\/\/vrtici-maza.hr\/upisi\/\",\"name\":\"[:hr]Upisi[:en]Enrollments[:] - Dje\u010dji vrti\u0107 Maza\",\"isPartOf\":{\"@id\":\"https:\/\/vrtici-maza.hr\/en\/#website\"},\"datePublished\":\"2021-02-18T13:34:15+00:00\",\"dateModified\":\"2025-05-06T10:30:11+00:00\",\"description\":\"Upis djece u programe Dje\u010djeg vrti\u0107a mogu\u0107e je provoditi tijekom cijele godine, ako za to postoje slobodni kapaciteti. Upi\u0161ite svoje dijete!\",\"breadcrumb\":{\"@id\":\"https:\/\/vrtici-maza.hr\/upisi\/#breadcrumb\"},\"inLanguage\":\"en-US\",\"potentialAction\":[{\"@type\":\"ReadAction\",\"target\":[\"https:\/\/vrtici-maza.hr\/upisi\/\"]}]},{\"@type\":\"BreadcrumbList\",\"@id\":\"https:\/\/vrtici-maza.hr\/upisi\/#breadcrumb\",\"itemListElement\":[{\"@type\":\"ListItem\",\"position\":1,\"name\":\"Home\",\"item\":\"https:\/\/vrtici-maza.hr\/\"},{\"@type\":\"ListItem\",\"position\":2,\"name\":\"Upisi\"}]},{\"@type\":\"WebSite\",\"@id\":\"https:\/\/vrtici-maza.hr\/en\/#website\",\"url\":\"https:\/\/vrtici-maza.hr\/en\/\",\"name\":\"Dje\u010dji vrti\u0107 Maza\",\"description\":\"Vi\u0161kovo\",\"potentialAction\":[{\"@type\":\"SearchAction\",\"target\":{\"@type\":\"EntryPoint\",\"urlTemplate\":\"https:\/\/vrtici-maza.hr\/en\/?s={search_term_string}\"},\"query-input\":{\"@type\":\"PropertyValueSpecification\",\"valueRequired\":true,\"valueName\":\"search_term_string\"}}],\"inLanguage\":\"en-US\"}]}<\/script>\n<!-- \/ Yoast SEO plugin. -->","yoast_head_json":{"title":"[:hr]Upisi[:en]Enrollments[:] - Dje\u010dji vrti\u0107 Maza","description":"Upis djece u programe Dje\u010djeg vrti\u0107a mogu\u0107e je provoditi tijekom cijele godine, ako za to postoje slobodni kapaciteti. Upi\u0161ite svoje dijete!","robots":{"index":"index","follow":"follow","max-snippet":"max-snippet:-1","max-image-preview":"max-image-preview:large","max-video-preview":"max-video-preview:-1"},"canonical":"https:\/\/vrtici-maza.hr\/upisi\/","og_locale":"en_US","og_type":"article","og_title":"[:hr]Upisi[:en]Enrollments[:] - Dje\u010dji vrti\u0107 Maza","og_description":"Upis djece u programe Dje\u010djeg vrti\u0107a mogu\u0107e je provoditi tijekom cijele godine, ako za to postoje slobodni kapaciteti. Upi\u0161ite svoje dijete!","og_url":"https:\/\/vrtici-maza.hr\/upisi\/","og_site_name":"Dje\u010dji vrti\u0107 Maza","article_modified_time":"2025-05-06T10:30:11+00:00","twitter_card":"summary_large_image","twitter_misc":{"Est. reading time":"3 minutes"},"schema":{"@context":"https:\/\/schema.org","@graph":[{"@type":"WebPage","@id":"https:\/\/vrtici-maza.hr\/upisi\/","url":"https:\/\/vrtici-maza.hr\/upisi\/","name":"[:hr]Upisi[:en]Enrollments[:] - Dje\u010dji vrti\u0107 Maza","isPartOf":{"@id":"https:\/\/vrtici-maza.hr\/en\/#website"},"datePublished":"2021-02-18T13:34:15+00:00","dateModified":"2025-05-06T10:30:11+00:00","description":"Upis djece u programe Dje\u010djeg vrti\u0107a mogu\u0107e je provoditi tijekom cijele godine, ako za to postoje slobodni kapaciteti. Upi\u0161ite svoje dijete!","breadcrumb":{"@id":"https:\/\/vrtici-maza.hr\/upisi\/#breadcrumb"},"inLanguage":"en-US","potentialAction":[{"@type":"ReadAction","target":["https:\/\/vrtici-maza.hr\/upisi\/"]}]},{"@type":"BreadcrumbList","@id":"https:\/\/vrtici-maza.hr\/upisi\/#breadcrumb","itemListElement":[{"@type":"ListItem","position":1,"name":"Home","item":"https:\/\/vrtici-maza.hr\/"},{"@type":"ListItem","position":2,"name":"Upisi"}]},{"@type":"WebSite","@id":"https:\/\/vrtici-maza.hr\/en\/#website","url":"https:\/\/vrtici-maza.hr\/en\/","name":"Dje\u010dji vrti\u0107 Maza","description":"Vi\u0161kovo","potentialAction":[{"@type":"SearchAction","target":{"@type":"EntryPoint","urlTemplate":"https:\/\/vrtici-maza.hr\/en\/?s={search_term_string}"},"query-input":{"@type":"PropertyValueSpecification","valueRequired":true,"valueName":"search_term_string"}}],"inLanguage":"en-US"}]}},"_links":{"self":[{"href":"https:\/\/vrtici-maza.hr\/en\/wp-json\/wp\/v2\/pages\/2278","targetHints":{"allow":["GET"]}}],"collection":[{"href":"https:\/\/vrtici-maza.hr\/en\/wp-json\/wp\/v2\/pages"}],"about":[{"href":"https:\/\/vrtici-maza.hr\/en\/wp-json\/wp\/v2\/types\/page"}],"author":[{"embeddable":true,"href":"https:\/\/vrtici-maza.hr\/en\/wp-json\/wp\/v2\/users\/1"}],"replies":[{"embeddable":true,"href":"https:\/\/vrtici-maza.hr\/en\/wp-json\/wp\/v2\/comments?post=2278"}],"version-history":[{"count":16,"href":"https:\/\/vrtici-maza.hr\/en\/wp-json\/wp\/v2\/pages\/2278\/revisions"}],"predecessor-version":[{"id":3270,"href":"https:\/\/vrtici-maza.hr\/en\/wp-json\/wp\/v2\/pages\/2278\/revisions\/3270"}],"wp:attachment":[{"href":"https:\/\/vrtici-maza.hr\/en\/wp-json\/wp\/v2\/media?parent=2278"}],"curies":[{"name":"wp","href":"https:\/\/api.w.org\/{rel}","templated":true}]}}