{"id":2717,"date":"2023-03-24T11:07:52","date_gmt":"2023-03-24T11:07:52","guid":{"rendered":"https:\/\/vrtici-maza.hr\/?page_id=2717"},"modified":"2023-03-24T11:07:52","modified_gmt":"2023-03-24T11:07:52","slug":"video","status":"publish","type":"page","link":"https:\/\/vrtici-maza.hr\/en\/video\/","title":{"rendered":"Video"},"content":{"rendered":"<div class=\"wpb-content-wrapper\"><p><\/p>\n<p>[vc_row gap=&#8221;35&#8243;][vc_column width=&#8221;1\/4&#8243;][\/vc_column][vc_column width=&#8221;1\/2&#8243;]<div class=\"ult-spacer spacer-69ef7688afd5d\" data-id=\"69ef7688afd5d\" data-height=\"80\" data-height-mobile=\"20\" data-height-tab=\"60\" data-height-tab-portrait=\"40\" data-height-mobile-landscape=\"20\" style=\"clear:both;display:block;\"><\/div><div class=\"aio-icon-component    style_2\"><div id=\"Info-box-wrap-4753\" class=\"aio-icon-box top-icon\" style=\"\"  ><div class=\"aio-icon-top\"><div class=\"ult-just-icon-wrapper  \"><div class=\"align-icon\" style=\"text-align:center;\">\n<div class=\"aio-icon none \"  style=\"color:#ff6666;font-size:20px;display:inline-block;\">\n\t<i class=\"icomoon-the7-font-the7-heart-filled\"><\/i>\n<\/div><\/div><\/div><\/div><div class=\"aio-icon-header\" ><h6 class=\"aio-icon-title ult-responsive\"  data-ultimate-target='#Info-box-wrap-4753 .aio-icon-title'  data-responsive-json-new='{\"font-size\":\"\",\"line-height\":\"\"}'  style=\"color:#7e7e7e;\">Get to know us!<\/h6><\/div> <!-- header --><\/div> <!-- aio-icon-box --><\/div> <!-- aio-icon-component --><div id=\"ultimate-heading-168969ef7688afe4e\" class=\"uvc-heading ult-adjust-bottom-margin ultimate-heading-168969ef7688afe4e uvc-7807 \" data-hspacer=\"no_spacer\"  data-halign=\"center\" style=\"text-align:center\"><div class=\"uvc-heading-spacer no_spacer\" style=\"top\"><\/div><div class=\"uvc-main-heading ult-responsive\"  data-ultimate-target='.uvc-heading.ultimate-heading-168969ef7688afe4e h2'  data-responsive-json-new='{\"font-size\":\"desktop:42px;\",\"line-height\":\"desktop:60px;\"}' ><h2 style=\"--font-weight:theme;margin-top:0px;margin-bottom:34px;\">Video<\/h2><\/div><\/div>[vc_column_text]<\/p>\n<p style=\"text-align: center;\">Watch the videos prepared by our teachers. We are writing our story and give all our love and efforts to your little ones.<\/p>\n<p>[\/vc_column_text][\/vc_column][vc_column width=&#8221;1\/4&#8243;][\/vc_column][\/vc_row][vc_row full_width=&#8221;stretch_row_content&#8221; gap=&#8221;5&#8243; css=&#8221;.vc_custom_1679655938841{padding-bottom: 60px !important;}&#8221;][vc_column width=&#8221;1\/2&#8243;][vc_video link=&#8221;https:\/\/www.youtube.com\/watch?v=CaAoui182bU&#8221; align=&#8221;center&#8221;][\/vc_column][vc_column width=&#8221;1\/2&#8243;][vc_video link=&#8221;https:\/\/www.youtube.com\/watch?v=YAWmmkM6dVM&#8221; align=&#8221;center&#8221;][\/vc_column][\/vc_row]<\/p>\n<p><\/p>\n<\/div>","protected":false},"excerpt":{"rendered":"<p>[vc_row gap=&#8221;35&#8243;][vc_column width=&#8221;1\/4&#8243;][\/vc_column][vc_column width=&#8221;1\/2&#8243;][vc_column_text] Watch the videos prepared by our teachers. We are writing our story and give all our love and efforts to your little ones. [\/vc_column_text][\/vc_column][vc_column width=&#8221;1\/4&#8243;][\/vc_column][\/vc_row][vc_row full_width=&#8221;stretch_row_content&#8221; gap=&#8221;5&#8243; css=&#8221;.vc_custom_1679655938841{padding-bottom: 60px !important;}&#8221;][vc_column width=&#8221;1\/2&#8243;][vc_video link=&#8221;https:\/\/www.youtube.com\/watch?v=CaAoui182bU&#8221; align=&#8221;center&#8221;][\/vc_column][vc_column width=&#8221;1\/2&#8243;][vc_video link=&#8221;https:\/\/www.youtube.com\/watch?v=YAWmmkM6dVM&#8221; align=&#8221;center&#8221;][\/vc_column][\/vc_row]<\/p>\n","protected":false},"author":1,"featured_media":0,"parent":0,"menu_order":20,"comment_status":"closed","ping_status":"closed","template":"","meta":{"footnotes":""},"class_list":["post-2717","page","type-page","status-publish","hentry","description-off"],"yoast_head":"<!-- This site is optimized with the Yoast SEO plugin v25.6 - https:\/\/yoast.com\/wordpress\/plugins\/seo\/ -->\n<title>Video - Dje\u010dji vrti\u0107 Maza<\/title>\n<meta name=\"description\" content=\"Pogledajte video uradke koje su pripremile na\u0161e tete - teacherice. Upoznajte na\u0161e svakodnevno okru\u017eenje, radnu okolinu, ideje i viziju.\" \/>\n<meta name=\"robots\" content=\"index, follow, max-snippet:-1, max-image-preview:large, max-video-preview:-1\" \/>\n<link rel=\"canonical\" href=\"https:\/\/vrtici-maza.hr\/video\/\" \/>\n<meta property=\"og:locale\" content=\"en_US\" \/>\n<meta property=\"og:type\" content=\"article\" \/>\n<meta property=\"og:title\" content=\"Video - Dje\u010dji vrti\u0107 Maza\" \/>\n<meta property=\"og:description\" content=\"Pogledajte video uradke koje su pripremile na\u0161e tete - teacherice. Upoznajte na\u0161e svakodnevno okru\u017eenje, radnu okolinu, ideje i viziju.\" \/>\n<meta property=\"og:url\" content=\"https:\/\/vrtici-maza.hr\/video\/\" \/>\n<meta property=\"og:site_name\" content=\"Dje\u010dji vrti\u0107 Maza\" \/>\n<meta name=\"twitter:card\" content=\"summary_large_image\" \/>\n<meta name=\"twitter:label1\" content=\"Est. reading time\" \/>\n\t<meta name=\"twitter:data1\" content=\"1 minute\" \/>\n<script type=\"application\/ld+json\" class=\"yoast-schema-graph\">{\"@context\":\"https:\/\/schema.org\",\"@graph\":[{\"@type\":\"WebPage\",\"@id\":\"https:\/\/vrtici-maza.hr\/video\/\",\"url\":\"https:\/\/vrtici-maza.hr\/video\/\",\"name\":\"Video - Dje\u010dji vrti\u0107 Maza\",\"isPartOf\":{\"@id\":\"https:\/\/vrtici-maza.hr\/en\/#website\"},\"datePublished\":\"2023-03-24T11:07:52+00:00\",\"description\":\"Pogledajte video uradke koje su pripremile na\u0161e tete - teacherice. Upoznajte na\u0161e svakodnevno okru\u017eenje, radnu okolinu, ideje i viziju.\",\"breadcrumb\":{\"@id\":\"https:\/\/vrtici-maza.hr\/video\/#breadcrumb\"},\"inLanguage\":\"en-US\",\"potentialAction\":[{\"@type\":\"ReadAction\",\"target\":[\"https:\/\/vrtici-maza.hr\/video\/\"]}]},{\"@type\":\"BreadcrumbList\",\"@id\":\"https:\/\/vrtici-maza.hr\/video\/#breadcrumb\",\"itemListElement\":[{\"@type\":\"ListItem\",\"position\":1,\"name\":\"Home\",\"item\":\"https:\/\/vrtici-maza.hr\/\"},{\"@type\":\"ListItem\",\"position\":2,\"name\":\"Video\"}]},{\"@type\":\"WebSite\",\"@id\":\"https:\/\/vrtici-maza.hr\/en\/#website\",\"url\":\"https:\/\/vrtici-maza.hr\/en\/\",\"name\":\"Dje\u010dji vrti\u0107 Maza\",\"description\":\"Vi\u0161kovo\",\"potentialAction\":[{\"@type\":\"SearchAction\",\"target\":{\"@type\":\"EntryPoint\",\"urlTemplate\":\"https:\/\/vrtici-maza.hr\/en\/?s={search_term_string}\"},\"query-input\":{\"@type\":\"PropertyValueSpecification\",\"valueRequired\":true,\"valueName\":\"search_term_string\"}}],\"inLanguage\":\"en-US\"}]}<\/script>\n<!-- \/ Yoast SEO plugin. -->","yoast_head_json":{"title":"Video - Dje\u010dji vrti\u0107 Maza","description":"Pogledajte video uradke koje su pripremile na\u0161e tete - teacherice. Upoznajte na\u0161e svakodnevno okru\u017eenje, radnu okolinu, ideje i viziju.","robots":{"index":"index","follow":"follow","max-snippet":"max-snippet:-1","max-image-preview":"max-image-preview:large","max-video-preview":"max-video-preview:-1"},"canonical":"https:\/\/vrtici-maza.hr\/video\/","og_locale":"en_US","og_type":"article","og_title":"Video - Dje\u010dji vrti\u0107 Maza","og_description":"Pogledajte video uradke koje su pripremile na\u0161e tete - teacherice. Upoznajte na\u0161e svakodnevno okru\u017eenje, radnu okolinu, ideje i viziju.","og_url":"https:\/\/vrtici-maza.hr\/video\/","og_site_name":"Dje\u010dji vrti\u0107 Maza","twitter_card":"summary_large_image","twitter_misc":{"Est. reading time":"1 minute"},"schema":{"@context":"https:\/\/schema.org","@graph":[{"@type":"WebPage","@id":"https:\/\/vrtici-maza.hr\/video\/","url":"https:\/\/vrtici-maza.hr\/video\/","name":"Video - Dje\u010dji vrti\u0107 Maza","isPartOf":{"@id":"https:\/\/vrtici-maza.hr\/en\/#website"},"datePublished":"2023-03-24T11:07:52+00:00","description":"Pogledajte video uradke koje su pripremile na\u0161e tete - teacherice. Upoznajte na\u0161e svakodnevno okru\u017eenje, radnu okolinu, ideje i viziju.","breadcrumb":{"@id":"https:\/\/vrtici-maza.hr\/video\/#breadcrumb"},"inLanguage":"en-US","potentialAction":[{"@type":"ReadAction","target":["https:\/\/vrtici-maza.hr\/video\/"]}]},{"@type":"BreadcrumbList","@id":"https:\/\/vrtici-maza.hr\/video\/#breadcrumb","itemListElement":[{"@type":"ListItem","position":1,"name":"Home","item":"https:\/\/vrtici-maza.hr\/"},{"@type":"ListItem","position":2,"name":"Video"}]},{"@type":"WebSite","@id":"https:\/\/vrtici-maza.hr\/en\/#website","url":"https:\/\/vrtici-maza.hr\/en\/","name":"Dje\u010dji vrti\u0107 Maza","description":"Vi\u0161kovo","potentialAction":[{"@type":"SearchAction","target":{"@type":"EntryPoint","urlTemplate":"https:\/\/vrtici-maza.hr\/en\/?s={search_term_string}"},"query-input":{"@type":"PropertyValueSpecification","valueRequired":true,"valueName":"search_term_string"}}],"inLanguage":"en-US"}]}},"_links":{"self":[{"href":"https:\/\/vrtici-maza.hr\/en\/wp-json\/wp\/v2\/pages\/2717","targetHints":{"allow":["GET"]}}],"collection":[{"href":"https:\/\/vrtici-maza.hr\/en\/wp-json\/wp\/v2\/pages"}],"about":[{"href":"https:\/\/vrtici-maza.hr\/en\/wp-json\/wp\/v2\/types\/page"}],"author":[{"embeddable":true,"href":"https:\/\/vrtici-maza.hr\/en\/wp-json\/wp\/v2\/users\/1"}],"replies":[{"embeddable":true,"href":"https:\/\/vrtici-maza.hr\/en\/wp-json\/wp\/v2\/comments?post=2717"}],"version-history":[{"count":4,"href":"https:\/\/vrtici-maza.hr\/en\/wp-json\/wp\/v2\/pages\/2717\/revisions"}],"predecessor-version":[{"id":2721,"href":"https:\/\/vrtici-maza.hr\/en\/wp-json\/wp\/v2\/pages\/2717\/revisions\/2721"}],"wp:attachment":[{"href":"https:\/\/vrtici-maza.hr\/en\/wp-json\/wp\/v2\/media?parent=2717"}],"curies":[{"name":"wp","href":"https:\/\/api.w.org\/{rel}","templated":true}]}}